{"id":108,"date":"2024-03-13T11:11:49","date_gmt":"2024-03-13T10:11:49","guid":{"rendered":"https:\/\/iteprojets.fr\/?page_id=108"},"modified":"2024-04-09T14:58:58","modified_gmt":"2024-04-09T12:58:58","slug":"en-savoir-plus","status":"publish","type":"page","link":"https:\/\/iteprojets.fr\/index.php\/en-savoir-plus\/","title":{"rendered":""},"content":{"rendered":"\n<div class=\"wp-block-group alignfull has-contrast-color has-text-color has-link-color wp-elements-033723af05bf0343aa897a260b39e8cf has-global-padding is-layout-constrained wp-container-core-group-is-layout-3 wp-block-group-is-layout-constrained\" style=\"padding-top:var(--wp--preset--spacing--30);padding-right:var(--wp--preset--spacing--30);padding-bottom:var(--wp--preset--spacing--30);padding-left:var(--wp--preset--spacing--30)\">\n<div class=\"wp-block-group alignwide is-content-justification-space-between is-layout-flex wp-container-core-group-is-layout-2 wp-block-group-is-layout-flex\">\n<div class=\"wp-block-group is-layout-flex wp-container-core-group-is-layout-1 wp-block-group-is-layout-flex\"><div class=\"is-default-size wp-block-site-logo\"><a href=\"https:\/\/iteprojets.fr\/\" class=\"custom-logo-link\" rel=\"home\"><img loading=\"lazy\" decoding=\"async\" width=\"662\" height=\"422\" src=\"https:\/\/iteprojets.fr\/wp-content\/uploads\/2024\/03\/ITE-mini-pngsombre.png\" class=\"custom-logo\" alt=\"I.T.E. projets &#8211; Immobilier, Travaux et Environnement\" srcset=\"https:\/\/iteprojets.fr\/wp-content\/uploads\/2024\/03\/ITE-mini-pngsombre.png 662w, https:\/\/iteprojets.fr\/wp-content\/uploads\/2024\/03\/ITE-mini-pngsombre-300x191.png 300w\" sizes=\"auto, (max-width: 662px) 100vw, 662px\" \/><\/a><\/div><\/div>\n\n\n<nav class=\"has-small-font-size is-responsive items-justified-right wp-block-navigation is-content-justification-right is-layout-flex wp-container-core-navigation-is-layout-1 wp-block-navigation-is-layout-flex\" aria-label=\"Navigation\" \n\t\t data-wp-interactive=\"core\/navigation\" data-wp-context='{\"overlayOpenedBy\":{\"click\":false,\"hover\":false,\"focus\":false},\"type\":\"overlay\",\"roleAttribute\":\"\",\"ariaLabel\":\"Menu\"}'><button aria-haspopup=\"dialog\" aria-label=\"Open menu\" class=\"wp-block-navigation__responsive-container-open \" \n\t\t\t\tdata-wp-on-async--click=\"actions.openMenuOnClick\"\n\t\t\t\tdata-wp-on--keydown=\"actions.handleMenuKeydown\"\n\t\t\t><svg width=\"24\" height=\"24\" xmlns=\"http:\/\/www.w3.org\/2000\/svg\" viewBox=\"0 0 24 24\" aria-hidden=\"true\" focusable=\"false\"><rect x=\"4\" y=\"7.5\" width=\"16\" height=\"1.5\" \/><rect x=\"4\" y=\"15\" width=\"16\" height=\"1.5\" \/><\/svg><\/button>\n\t\t\t\t<div class=\"wp-block-navigation__responsive-container  \"  id=\"modal-1\" \n\t\t\t\tdata-wp-class--has-modal-open=\"state.isMenuOpen\"\n\t\t\t\tdata-wp-class--is-menu-open=\"state.isMenuOpen\"\n\t\t\t\tdata-wp-watch=\"callbacks.initMenu\"\n\t\t\t\tdata-wp-on--keydown=\"actions.handleMenuKeydown\"\n\t\t\t\tdata-wp-on-async--focusout=\"actions.handleMenuFocusout\"\n\t\t\t\ttabindex=\"-1\"\n\t\t\t>\n\t\t\t\t\t<div class=\"wp-block-navigation__responsive-close\" tabindex=\"-1\">\n\t\t\t\t\t\t<div class=\"wp-block-navigation__responsive-dialog\" \n\t\t\t\tdata-wp-bind--aria-modal=\"state.ariaModal\"\n\t\t\t\tdata-wp-bind--aria-label=\"state.ariaLabel\"\n\t\t\t\tdata-wp-bind--role=\"state.roleAttribute\"\n\t\t\t>\n\t\t\t\t\t\t\t<button aria-label=\"Close menu\" class=\"wp-block-navigation__responsive-container-close\" \n\t\t\t\tdata-wp-on-async--click=\"actions.closeMenuOnClick\"\n\t\t\t><svg xmlns=\"http:\/\/www.w3.org\/2000\/svg\" viewBox=\"0 0 24 24\" width=\"24\" height=\"24\" aria-hidden=\"true\" focusable=\"false\"><path d=\"m13.06 12 6.47-6.47-1.06-1.06L12 10.94 5.53 4.47 4.47 5.53 10.94 12l-6.47 6.47 1.06 1.06L12 13.06l6.47 6.47 1.06-1.06L13.06 12Z\"><\/path><\/svg><\/button>\n\t\t\t\t\t\t\t<div class=\"wp-block-navigation__responsive-container-content\" \n\t\t\t\tdata-wp-watch=\"callbacks.focusFirstElement\"\n\t\t\t id=\"modal-1-content\">\n\t\t\t\t\t\t\t\t<ul class=\"wp-block-navigation__container has-small-font-size is-responsive items-justified-right wp-block-navigation has-small-font-size\"><li class=\"has-small-font-size wp-block-navigation-item wp-block-navigation-link has-medium-font-size\"><a class=\"wp-block-navigation-item__content\"  href=\"http:\/\/www.iteprojets.fr\"><span class=\"wp-block-navigation-item__label\">I.T.E. projets <\/span><\/a><\/li><li class=\"has-small-font-size wp-block-navigation-item wp-block-navigation-link has-medium-font-size\"><a class=\"wp-block-navigation-item__content\"  href=\"#services\"><span class=\"wp-block-navigation-item__label\">Nos services<\/span><\/a><\/li><li class=\"has-small-font-size wp-block-navigation-item wp-block-navigation-link has-medium-font-size\"><a class=\"wp-block-navigation-item__content\"  href=\"#apropos\"><span class=\"wp-block-navigation-item__label\">A propos<\/span><\/a><\/li><li class=\"has-small-font-size wp-block-navigation-item wp-block-navigation-link has-medium-font-size\"><a class=\"wp-block-navigation-item__content\"  href=\"https:\/\/iteprojets.fr\/?page_id=108\"><span class=\"wp-block-navigation-item__label\">Nos R\u00e9f\u00e9rences<\/span><\/a><\/li><\/ul>\n\t\t\t\t\t\t\t<\/div>\n\t\t\t\t\t\t<\/div>\n\t\t\t\t\t<\/div>\n\t\t\t\t<\/div><\/nav><\/div>\n<\/div>\n\n\n\n<div class=\"wp-block-group has-global-padding is-layout-constrained wp-block-group-is-layout-constrained\">\n<h2 class=\"wp-block-heading has-text-align-center\"><strong><mark style=\"background-color:rgba(0, 0, 0, 0)\" class=\"has-inline-color has-contrast-color\">Nos r\u00e9f\u00e9rences<\/mark><\/strong><\/h2>\n\n\n\n<div style=\"height:17px\" aria-hidden=\"true\" class=\"wp-block-spacer\"><\/div>\n<\/div>\n\n\n\n<p>En compl\u00e9ment des r\u00e9alisations en cours, I.T.E. projets s&#8217;appuie sur les r\u00e9f\u00e9rences suivantes : <\/p>\n\n\n\n<div style=\"height:15px\" aria-hidden=\"true\" class=\"wp-block-spacer\"><\/div>\n\n\n\n<p><strong>R\u00e9f\u00e9rences en Ma\u00eetrise d&#8217;\u0152uvre :<\/strong><\/p>\n\n\n\n<ul class=\"wp-block-list\">\n<li>Construction, r\u00e9novation et extension de dizaines de restaurants pour des grands groupes nationaux<\/li>\n\n\n\n<li>Am\u00e9nagement et r\u00e9novation de commerces pour des grandes enseignes nationales<\/li>\n\n\n\n<li>Adaptation et r\u00e9habilitation de cellules ou b\u00e2timents commerciaux pour des fonci\u00e8res nationales<\/li>\n\n\n\n<li>R\u00e9novation et am\u00e9nagement de bureaux pour des fonci\u00e8res<\/li>\n<\/ul>\n\n\n\n<div style=\"height:10px\" aria-hidden=\"true\" class=\"wp-block-spacer\"><\/div>\n\n\n\n<p><strong>R\u00e9f\u00e9rences en <strong>Ma\u00eetrise<\/strong> d&#8217;Ouvrage :<\/strong><\/p>\n\n\n\n<ul class=\"wp-block-list\">\n<li>R\u00e9habilitation compl\u00e8te et revalorisation d&#8217;immeubles de bureaux.<\/li>\n\n\n\n<li>R\u00e9habilitation compl\u00e8te et revalorisation d&#8217;immeubles \u00e0 usage mixte : logements, bureaux et commerces.<\/li>\n\n\n\n<li>R\u00e9habilitation de commerces.<\/li>\n\n\n\n<li>Construction d&#8217;immeuble de bureaux (en copromotion).<\/li>\n\n\n\n<li>R\u00e9novations \u00e9nerg\u00e9tiques pour am\u00e9lioration des DPE dans les logements et prise en compte du D\u00e9cret Tertiaire pour les b\u00e2timents tertiaires.<\/li>\n<\/ul>\n","protected":false},"excerpt":{"rendered":"<p>Nos r\u00e9f\u00e9rences En compl\u00e9ment des r\u00e9alisations en cours, I.T.E. projets s&#8217;appuie sur les r\u00e9f\u00e9rences suivantes : R\u00e9f\u00e9rences en Ma\u00eetrise d&#8217;\u0152uvre : R\u00e9f\u00e9rences en Ma\u00eetrise d&#8217;Ouvrage :<\/p>\n","protected":false},"author":1,"featured_media":0,"parent":0,"menu_order":0,"comment_status":"closed","ping_status":"closed","template":"page-no-title","meta":{"footnotes":""},"class_list":["post-108","page","type-page","status-publish","hentry"],"_links":{"self":[{"href":"https:\/\/iteprojets.fr\/index.php\/wp-json\/wp\/v2\/pages\/108","targetHints":{"allow":["GET"]}}],"collection":[{"href":"https:\/\/iteprojets.fr\/index.php\/wp-json\/wp\/v2\/pages"}],"about":[{"href":"https:\/\/iteprojets.fr\/index.php\/wp-json\/wp\/v2\/types\/page"}],"author":[{"embeddable":true,"href":"https:\/\/iteprojets.fr\/index.php\/wp-json\/wp\/v2\/users\/1"}],"replies":[{"embeddable":true,"href":"https:\/\/iteprojets.fr\/index.php\/wp-json\/wp\/v2\/comments?post=108"}],"version-history":[{"count":11,"href":"https:\/\/iteprojets.fr\/index.php\/wp-json\/wp\/v2\/pages\/108\/revisions"}],"predecessor-version":[{"id":158,"href":"https:\/\/iteprojets.fr\/index.php\/wp-json\/wp\/v2\/pages\/108\/revisions\/158"}],"wp:attachment":[{"href":"https:\/\/iteprojets.fr\/index.php\/wp-json\/wp\/v2\/media?parent=108"}],"curies":[{"name":"wp","href":"https:\/\/api.w.org\/{rel}","templated":true}]}}